{"id":500,"date":"2023-02-14T02:07:00","date_gmt":"2023-02-14T02:07:00","guid":{"rendered":"https:\/\/kurtacademy.com\/?page_id=500"},"modified":"2023-02-23T18:47:00","modified_gmt":"2023-02-23T18:47:00","slug":"sss","status":"publish","type":"page","link":"https:\/\/kurtacademy.com\/index.php\/sss\/","title":{"rendered":"S\u0131k\u00e7a Sorulan Sorular"},"content":{"rendered":"[vc_row type=&#8221;full_width_background&#8221; full_screen_row_position=&#8221;middle&#8221; column_margin=&#8221;default&#8221; column_direction=&#8221;default&#8221; column_direction_tablet=&#8221;default&#8221; column_direction_phone=&#8221;default&#8221; scene_position=&#8221;center&#8221; top_padding=&#8221;8%&#8221; left_padding_desktop=&#8221;10%&#8221; constrain_group_2=&#8221;yes&#8221; right_padding_desktop=&#8221;10%&#8221; top_padding_tablet=&#8221;16%&#8221; text_color=&#8221;dark&#8221; text_align=&#8221;left&#8221; row_border_radius=&#8221;none&#8221; row_border_radius_applies=&#8221;bg&#8221; overflow=&#8221;visible&#8221; overlay_strength=&#8221;0.3&#8243; gradient_direction=&#8221;left_to_right&#8221; shape_divider_position=&#8221;bottom&#8221; bg_image_animation=&#8221;none&#8221; gradient_type=&#8221;default&#8221; shape_type=&#8221;&#8221;][vc_column column_padding=&#8221;no-extra-padding&#8221; column_padding_tablet=&#8221;inherit&#8221; column_padding_phone=&#8221;inherit&#8221; column_padding_position=&#8221;all&#8221; column_element_direction_desktop=&#8221;default&#8221; column_element_spacing=&#8221;default&#8221; desktop_text_alignment=&#8221;default&#8221; tablet_text_alignment=&#8221;default&#8221; phone_text_alignment=&#8221;default&#8221; background_color_opacity=&#8221;1&#8243; background_hover_color_opacity=&#8221;1&#8243; column_backdrop_filter=&#8221;none&#8221; column_shadow=&#8221;none&#8221; column_border_radius=&#8221;none&#8221; column_link_target=&#8221;_self&#8221; column_position=&#8221;default&#8221; gradient_direction=&#8221;left_to_right&#8221; overlay_strength=&#8221;0.3&#8243; width=&#8221;1\/1&#8243; tablet_width_inherit=&#8221;default&#8221; animation_type=&#8221;default&#8221; bg_image_animation=&#8221;none&#8221; border_type=&#8221;simple&#8221; column_border_width=&#8221;none&#8221; column_border_style=&#8221;solid&#8221;][vc_row_inner column_margin=&#8221;default&#8221; column_direction=&#8221;default&#8221; column_direction_tablet=&#8221;default&#8221; column_direction_phone=&#8221;default&#8221; bottom_padding=&#8221;4%&#8221; text_align=&#8221;left&#8221; row_position=&#8221;default&#8221; row_position_tablet=&#8221;inherit&#8221; row_position_phone=&#8221;inherit&#8221; overflow=&#8221;visible&#8221; pointer_events=&#8221;all&#8221;][vc_column_inner column_padding=&#8221;no-extra-padding&#8221; column_padding_tablet=&#8221;inherit&#8221; column_padding_phone=&#8221;inherit&#8221; column_padding_position=&#8221;all&#8221; column_element_direction_desktop=&#8221;default&#8221; column_element_spacing=&#8221;default&#8221; centered_text=&#8221;true&#8221; desktop_text_alignment=&#8221;default&#8221; tablet_text_alignment=&#8221;default&#8221; phone_text_alignment=&#8221;default&#8221; background_color_opacity=&#8221;1&#8243; background_hover_color_opacity=&#8221;1&#8243; column_backdrop_filter=&#8221;none&#8221; column_shadow=&#8221;none&#8221; column_border_radius=&#8221;none&#8221; column_link_target=&#8221;_self&#8221; overflow=&#8221;visible&#8221; advanced_gradient_angle=&#8221;0&#8243; gradient_direction=&#8221;left_to_right&#8221; overlay_strength=&#8221;0.3&#8243; width=&#8221;1\/1&#8243; tablet_width_inherit=&#8221;default&#8221; animation_type=&#8221;default&#8221; bg_image_animation=&#8221;none&#8221; border_type=&#8221;simple&#8221; column_border_width=&#8221;none&#8221; column_border_style=&#8221;solid&#8221; gradient_type=&#8221;default&#8221;][nectar_highlighted_text style=&#8221;none&#8221; custom_font_size=&#8221;3vw&#8221; font_size_tablet=&#8221;6vw&#8221; font_line_height=&#8221;1.2&#8243;]\n<h1>S\u0131kl\u0131kla Sorulan Sorular<\/h1>\n[\/nectar_highlighted_text][\/vc_column_inner][\/vc_row_inner][\/vc_column][\/vc_row][vc_row type=&#8221;full_width_content&#8221; full_screen_row_position=&#8221;middle&#8221; column_margin=&#8221;custom&#8221; column_margin_custom=&#8221;7vw&#8221; equal_height=&#8221;yes&#8221; content_placement=&#8221;middle&#8221; column_direction=&#8221;default&#8221; column_direction_tablet=&#8221;default&#8221; column_direction_phone=&#8221;default&#8221; bg_color=&#8221;#f8f8f8&#8243; scene_position=&#8221;center&#8221; top_padding=&#8221;3%&#8221; bottom_padding=&#8221;12%&#8221; left_padding_desktop=&#8221;7vw&#8221; constrain_group_2=&#8221;yes&#8221; right_padding_desktop=&#8221;7vw&#8221; text_color=&#8221;dark&#8221; text_align=&#8221;left&#8221; row_border_radius=&#8221;none&#8221; row_border_radius_applies=&#8221;bg&#8221; overflow=&#8221;visible&#8221; advanced_gradient_angle=&#8221;0&#8243; overlay_strength=&#8221;0.8&#8243; gradient_direction=&#8221;left_to_right&#8221; enable_shape_divider=&#8221;true&#8221; shape_divider_color=&#8221;#000000&#8243; shape_divider_position=&#8221;bottom&#8221; shape_divider_height=&#8221;99%&#8221; bg_image_animation=&#8221;clip-path&#8221; clip_path_animation_type=&#8221;scroll&#8221; clip_path_animation_applies=&#8221;default&#8221; clip_path_start_bottom_desktop=&#8221;0&#8243; clip_path_start_left_desktop=&#8221;0&#8243; clip_path_start_right_desktop=&#8221;0&#8243; clip_path_end_bottom_desktop=&#8221;4%&#8221; clip_path_end_left_desktop=&#8221;4%&#8221; clip_path_end_right_desktop=&#8221;4%&#8221; clip_path_start_roundness=&#8221;0&#8243; clip_path_end_roundness=&#8221;20&#8243; animation_trigger_offset=&#8221;32.00,50.00&#8243; animation_trigger_origin=&#8221;bottom&#8221; shape_type=&#8221;straight_section&#8221; gradient_type=&#8221;default&#8221;][vc_column left_padding_desktop=&#8221;2vw&#8221; column_element_direction_desktop=&#8221;default&#8221; column_element_spacing=&#8221;default&#8221; desktop_text_alignment=&#8221;default&#8221; tablet_text_alignment=&#8221;default&#8221; phone_text_alignment=&#8221;default&#8221; background_color_opacity=&#8221;1&#8243; background_hover_color_opacity=&#8221;1&#8243; column_backdrop_filter=&#8221;none&#8221; column_shadow=&#8221;none&#8221; column_border_radius=&#8221;none&#8221; column_link_target=&#8221;_self&#8221; column_position=&#8221;default&#8221; advanced_gradient_angle=&#8221;0&#8243; gradient_direction=&#8221;left_to_right&#8221; overlay_strength=&#8221;0.3&#8243; width=&#8221;1\/2&#8243; tablet_width_inherit=&#8221;default&#8221; animation_type=&#8221;default&#8221; bg_image_animation=&#8221;none&#8221; border_type=&#8221;simple&#8221; column_border_width=&#8221;none&#8221; column_border_style=&#8221;solid&#8221; column_padding_type=&#8221;advanced&#8221; gradient_type=&#8221;default&#8221;][toggles style=&#8221;minimal_shadow&#8221; accordion=&#8221;true&#8221; accordion_starting_functionality=&#8221;default&#8221; border_radius=&#8221;none&#8221;][toggle color=&#8221;Accent-Color&#8221; heading_tag=&#8221;h3&#8243; heading_tag_functionality=&#8221;default&#8221; title=&#8221;Almanya Nitelikli \u0130\u015f G\u00fcc\u00fc G\u00f6\u00e7\u00fc Kanunu Nedir?&#8221;][vc_column_text]Mart 2020 yilinda Almanya Devleti tarafindan y\u00fcr\u00fcrl\u00fc\u011fe giren bu kanun, mMesleki e\u011fitimlerini tamamlam\u0131\u015f, ve ilgili alanda i\u015f tecr\u00fcbesi olan ki\u015filere Almanya`da \u00e7al\u0131\u015fma imkan\u0131 sunmaktad\u0131r.[\/vc_column_text][\/toggle][toggle color=&#8221;Accent-Color&#8221; heading_tag=&#8221;h3&#8243; heading_tag_functionality=&#8221;default&#8221; title=&#8221;Ba\u015fvurumu sadece web siteniz \u00fczerinden mi yapabilirim?&#8221;][vc_column_text]Ba\u015fvurunuzu, web sitemizin Ba\u015fvuru Formu&#8217;nu doldurarak veya \u00f6zge\u00e7mi\u015finizi siteye ekleyerek ya da hr@kurtacademy.com adresine mail olarak yollayarak yapabilirsiniz.[\/vc_column_text][\/toggle][toggle color=&#8221;Accent-Color&#8221; heading_tag=&#8221;h3&#8243; heading_tag_functionality=&#8221;default&#8221; title=&#8221;Kimler ba\u015fvuru yapabilir?&#8221;][vc_column_text]A\u00e7\u0131k i\u015f ilanlar\u0131nda belirlenen kriterlere sahip olan 45 ya\u015f alt\u0131 Almanya`da \u00e7al\u0131\u015fmak isteyen herkes ba\u015fvuru yapabilir.[\/vc_column_text][\/toggle][toggle color=&#8221;Accent-Color&#8221; heading_tag=&#8221;h3&#8243; heading_tag_functionality=&#8221;default&#8221; title=&#8221;Almanca zorunlu mudur?&#8221;][vc_column_text]Hem\u015firelik mesle\u011fi i\u00e7in B2 d\u00fczeyinde almanca bilmek, \u00e7al\u0131\u015fma vizesi alabilmek i\u00e7in Alman Devleti taraf\u0131ndan konulmu\u015f dil standart\u0131d\u0131r. Di\u011fer meslek gruplar\u0131 i\u00e7in, i\u015fverenler en az A2 d\u00fczeyinde Almanca bilmelerini adaylardan talep etmektedirler.[\/vc_column_text][\/toggle][toggle color=&#8221;Accent-Color&#8221; heading_tag=&#8221;h3&#8243; heading_tag_functionality=&#8221;default&#8221; title=&#8221;Hangi evraklar gereklidir?&#8221;][vc_column_text]S\u00fcrecin farkl\u0131 a\u015famalar\u0131na g\u00f6re kopya ve noter onayl\u0131 belgeler talep edilecektir. En az 3 y\u0131ll\u0131k pasaportunuzun olmas\u0131, ve t\u00fcm gerekli belgelerin E-devlet barkodlu \u00e7\u0131kt\u0131 olarak payla\u015f\u0131lmas\u0131 gerekmektedir. Ayr\u0131ca diploma ve transkript Almanca Yeminli Terc\u00fcme ve noter onayl\u0131 olarak talep edilmektedir. Bunlar\u0131n d\u0131\u015f\u0131nda, taraf\u0131m\u0131zca g\u00f6nderilecek formlar\u0131n da doldurulup, bize g\u00f6nderilmesi gerekmektedir.[\/vc_column_text][\/toggle][toggle color=&#8221;Accent-Color&#8221; heading_tag=&#8221;h3&#8243; heading_tag_functionality=&#8221;default&#8221; title=&#8221;Ailemi de Almanya`ya alabilir miyim?&#8221;][vc_column_text]\u00c7al\u0131\u015fma vizesine ba\u015fvuru yaparken, e\u015f zamanl\u0131 aile birle\u015fimi i\u00e7in de ba\u015fvuru yap\u0131l\u0131p adaylar\u0131n ailelerini de yan\u0131na almas\u0131 i\u00e7in s\u00fcre\u00e7 ba\u015flat\u0131labilir.[\/vc_column_text][\/toggle][toggle color=&#8221;Accent-Color&#8221; heading_tag=&#8221;h3&#8243; heading_tag_functionality=&#8221;default&#8221; title=&#8221;\u00c7al\u0131\u015fma vizesi almak ne kadar s\u00fcr\u00fcyor?&#8221;][vc_column_text]B\u00fct\u00fcn s\u00fcre\u00e7 ba\u015f\u0131ndan sonuna 4-6 ay s\u00fcrmekted\u0131r. Bu s\u00fcreler Almanyadaki ilgili birimlerin ve Konsoloslu\u011fun yo\u011funlu\u011funa g\u00f6re daha da uzayabilmektedir.[\/vc_column_text][\/toggle][toggle color=&#8221;Accent-Color&#8221; heading_tag=&#8221;h3&#8243; heading_tag_functionality=&#8221;default&#8221; title=&#8221;Almanya`da ki i\u015f s\u00f6zle\u015fmem k\u0131sa s\u00fcreli midir?&#8221;][vc_column_text]B\u00fct\u00fcn s\u00f6zle\u015fmelerimizi belirsiz s\u00fcreli olarak yap\u0131yoruz.[\/vc_column_text][\/toggle][\/toggles][\/vc_column][vc_column right_padding_desktop=&#8221;2vw&#8221; top_margin_tablet=&#8221;10%&#8221; column_element_direction_desktop=&#8221;default&#8221; column_element_spacing=&#8221;default&#8221; desktop_text_alignment=&#8221;default&#8221; tablet_text_alignment=&#8221;default&#8221; phone_text_alignment=&#8221;default&#8221; background_color_opacity=&#8221;1&#8243; background_hover_color_opacity=&#8221;1&#8243; column_backdrop_filter=&#8221;none&#8221; column_shadow=&#8221;none&#8221; column_border_radius=&#8221;none&#8221; column_link_target=&#8221;_self&#8221; column_position=&#8221;default&#8221; advanced_gradient_angle=&#8221;0&#8243; gradient_direction=&#8221;left_to_right&#8221; overlay_strength=&#8221;0.3&#8243; width=&#8221;1\/2&#8243; tablet_width_inherit=&#8221;default&#8221; animation_type=&#8221;default&#8221; bg_image_animation=&#8221;none&#8221; border_type=&#8221;simple&#8221; column_border_width=&#8221;none&#8221; column_border_style=&#8221;solid&#8221; column_padding_type=&#8221;advanced&#8221; gradient_type=&#8221;default&#8221;][vc_row_inner column_margin=&#8221;default&#8221; column_direction=&#8221;default&#8221; column_direction_tablet=&#8221;default&#8221; column_direction_phone=&#8221;default&#8221; text_align=&#8221;left&#8221; row_position=&#8221;default&#8221; row_position_tablet=&#8221;inherit&#8221; row_position_phone=&#8221;inherit&#8221; overflow=&#8221;visible&#8221; pointer_events=&#8221;all&#8221;][vc_column_inner column_padding=&#8221;no-extra-padding&#8221; column_padding_tablet=&#8221;inherit&#8221; column_padding_phone=&#8221;inherit&#8221; column_padding_position=&#8221;all&#8221; column_element_direction_desktop=&#8221;default&#8221; column_element_spacing=&#8221;default&#8221; desktop_text_alignment=&#8221;default&#8221; tablet_text_alignment=&#8221;default&#8221; phone_text_alignment=&#8221;default&#8221; background_color_opacity=&#8221;1&#8243; background_hover_color_opacity=&#8221;1&#8243; column_backdrop_filter=&#8221;none&#8221; column_shadow=&#8221;none&#8221; column_border_radius=&#8221;15px&#8221; column_link_target=&#8221;_self&#8221; overflow=&#8221;hidden&#8221; advanced_gradient=&#8221;radial-gradient(circle at top right, rgb(255, 75, 19) 9%, rgb(255,143,61) 73%)&#8221; advanced_gradient_radial_position=&#8221;top right&#8221; width=&#8221;1\/1&#8243; tablet_width_inherit=&#8221;default&#8221; animation_type=&#8221;default&#8221; bg_image_animation=&#8221;none&#8221; border_type=&#8221;simple&#8221; column_border_width=&#8221;none&#8221; column_border_style=&#8221;solid&#8221; column_padding_type=&#8221;default&#8221; gradient_type=&#8221;advanced&#8221; advanced_gradient_display_type=&#8221;radial&#8221;][nectar_animated_shape shape_color=&#8221;#ffce59&#8243; width_desktop=&#8221;65vw&#8221; width_tablet=&#8221;120vw&#8221; animation=&#8221;none&#8221; animation_easing=&#8221;easeInOutCubic&#8221; animation_movement_type=&#8221;transform_y&#8221; position_desktop=&#8221;absolute&#8221; top_position_desktop=&#8221;0&#8243; bottom_position_desktop=&#8221;0&#8243; left_position_desktop=&#8221;0&#8243; translate_y_desktop=&#8221;10%&#8221; translate_x_desktop=&#8221;-50%&#8221; zindex=&#8221;-1&#8243; animation_offset=&#8221;160%&#8221;][image_with_animation image_url=&#8221;15&#8243; image_size=&#8221;full&#8221; animation_type=&#8221;entrance&#8221; animation=&#8221;None&#8221; animation_movement_type=&#8221;transform_y&#8221; animation_movement_intensity=&#8221;-0.8&#8243; hover_animation=&#8221;none&#8221; alignment=&#8221;&#8221; border_radius=&#8221;none&#8221; box_shadow=&#8221;custom&#8221; box_shadow_method=&#8221;filter&#8221; image_loading=&#8221;default&#8221; max_width=&#8221;100%&#8221; max_width_mobile=&#8221;default&#8221; custom_box_shadow=&#8221;horizontal:-25,vertical:5,blur:25,spread:0,opacity:0&#8243; margin_bottom=&#8221;-10%&#8221; margin_top=&#8221;5%&#8221;][\/vc_column_inner][\/vc_row_inner][\/vc_column][\/vc_row]\n","protected":false},"excerpt":{"rendered":"<p>[vc_row type=&#8221;full_width_background&#8221; full_screen_row_position=&#8221;middle&#8221; column_margin=&#8221;default&#8221; column_direction=&#8221;default&#8221; column_direction_tablet=&#8221;default&#8221; column_direction_phone=&#8221;default&#8221; scene_position=&#8221;center&#8221; top_padding=&#8221;8%&#8221; left_padding_desktop=&#8221;10%&#8221; constrain_group_2=&#8221;yes&#8221; right_padding_desktop=&#8221;10%&#8221; top_padding_tablet=&#8221;16%&#8221; text_color=&#8221;dark&#8221; text_align=&#8221;left&#8221; row_border_radius=&#8221;none&#8221; row_border_radius_applies=&#8221;bg&#8221; overflow=&#8221;visible&#8221; overlay_strength=&#8221;0.3&#8243; gradient_direction=&#8221;left_to_right&#8221; shape_divider_position=&#8221;bottom&#8221; bg_image_animation=&#8221;none&#8221; gradient_type=&#8221;default&#8221; shape_type=&#8221;&#8221;][vc_column column_padding=&#8221;no-extra-padding&#8221; column_padding_tablet=&#8221;inherit&#8221; column_padding_phone=&#8221;inherit&#8221; column_padding_position=&#8221;all&#8221; column_element_direction_desktop=&#8221;default&#8221; column_element_spacing=&#8221;default&#8221;&#8230;<\/p>\n","protected":false},"author":1,"featured_media":0,"parent":0,"menu_order":0,"comment_status":"closed","ping_status":"closed","template":"","meta":{"footnotes":""},"class_list":["post-500","page","type-page","status-publish"],"yoast_head":"<!-- This site is optimized with the Yoast SEO plugin v24.9 - https:\/\/yoast.com\/wordpress\/plugins\/seo\/ -->\n<title>S\u0131k\u00e7a Sorulan Sorular - Kurt Academy<\/title>\n<meta name=\"robots\" content=\"index, follow, max-snippet:-1, max-image-preview:large, max-video-preview:-1\" \/>\n<link rel=\"canonical\" href=\"https:\/\/kurtacademy.com\/index.php\/sss\/\" \/>\n<meta property=\"og:locale\" content=\"en_US\" \/>\n<meta property=\"og:type\" content=\"article\" \/>\n<meta property=\"og:title\" content=\"S\u0131k\u00e7a Sorulan Sorular - Kurt Academy\" \/>\n<meta property=\"og:description\" content=\"[vc_row type=&#8221;full_width_background&#8221; full_screen_row_position=&#8221;middle&#8221; column_margin=&#8221;default&#8221; column_direction=&#8221;default&#8221; column_direction_tablet=&#8221;default&#8221; column_direction_phone=&#8221;default&#8221; scene_position=&#8221;center&#8221; top_padding=&#8221;8%&#8221; left_padding_desktop=&#8221;10%&#8221; constrain_group_2=&#8221;yes&#8221; right_padding_desktop=&#8221;10%&#8221; top_padding_tablet=&#8221;16%&#8221; text_color=&#8221;dark&#8221; text_align=&#8221;left&#8221; row_border_radius=&#8221;none&#8221; row_border_radius_applies=&#8221;bg&#8221; overflow=&#8221;visible&#8221; overlay_strength=&#8221;0.3&#8243; gradient_direction=&#8221;left_to_right&#8221; shape_divider_position=&#8221;bottom&#8221; bg_image_animation=&#8221;none&#8221; gradient_type=&#8221;default&#8221; shape_type=&#8221;&#8221;][vc_column column_padding=&#8221;no-extra-padding&#8221; column_padding_tablet=&#8221;inherit&#8221; column_padding_phone=&#8221;inherit&#8221; column_padding_position=&#8221;all&#8221; column_element_direction_desktop=&#8221;default&#8221; column_element_spacing=&#8221;default&#8221;...\" \/>\n<meta property=\"og:url\" content=\"https:\/\/kurtacademy.com\/index.php\/sss\/\" \/>\n<meta property=\"og:site_name\" content=\"Kurt Academy\" \/>\n<meta property=\"article:publisher\" content=\"https:\/\/www.facebook.com\/kurtacademy\" \/>\n<meta property=\"article:modified_time\" content=\"2023-02-23T18:47:00+00:00\" \/>\n<meta name=\"twitter:card\" content=\"summary_large_image\" \/>\n<meta name=\"twitter:label1\" content=\"Est. reading time\" \/>\n\t<meta name=\"twitter:data1\" content=\"3 minutes\" \/>\n<script type=\"application\/ld+json\" class=\"yoast-schema-graph\">{\"@context\":\"https:\/\/schema.org\",\"@graph\":[{\"@type\":\"WebPage\",\"@id\":\"https:\/\/kurtacademy.com\/index.php\/sss\/\",\"url\":\"https:\/\/kurtacademy.com\/index.php\/sss\/\",\"name\":\"S\u0131k\u00e7a Sorulan Sorular - Kurt Academy\",\"isPartOf\":{\"@id\":\"https:\/\/kurtacademy.com\/#website\"},\"datePublished\":\"2023-02-14T02:07:00+00:00\",\"dateModified\":\"2023-02-23T18:47:00+00:00\",\"breadcrumb\":{\"@id\":\"https:\/\/kurtacademy.com\/index.php\/sss\/#breadcrumb\"},\"inLanguage\":\"en-US\",\"potentialAction\":[{\"@type\":\"ReadAction\",\"target\":[\"https:\/\/kurtacademy.com\/index.php\/sss\/\"]}]},{\"@type\":\"BreadcrumbList\",\"@id\":\"https:\/\/kurtacademy.com\/index.php\/sss\/#breadcrumb\",\"itemListElement\":[{\"@type\":\"ListItem\",\"position\":1,\"name\":\"Home\",\"item\":\"https:\/\/kurtacademy.com\/\"},{\"@type\":\"ListItem\",\"position\":2,\"name\":\"S\u0131k\u00e7a Sorulan Sorular\"}]},{\"@type\":\"WebSite\",\"@id\":\"https:\/\/kurtacademy.com\/#website\",\"url\":\"https:\/\/kurtacademy.com\/\",\"name\":\"KURT Academy\",\"description\":\"\",\"publisher\":{\"@id\":\"https:\/\/kurtacademy.com\/#organization\"},\"potentialAction\":[{\"@type\":\"SearchAction\",\"target\":{\"@type\":\"EntryPoint\",\"urlTemplate\":\"https:\/\/kurtacademy.com\/?s={search_term_string}\"},\"query-input\":{\"@type\":\"PropertyValueSpecification\",\"valueRequired\":true,\"valueName\":\"search_term_string\"}}],\"inLanguage\":\"en-US\"},{\"@type\":\"Organization\",\"@id\":\"https:\/\/kurtacademy.com\/#organization\",\"name\":\"KURT Academy\",\"url\":\"https:\/\/kurtacademy.com\/\",\"logo\":{\"@type\":\"ImageObject\",\"inLanguage\":\"en-US\",\"@id\":\"https:\/\/kurtacademy.com\/#\/schema\/logo\/image\/\",\"url\":\"https:\/\/kurtacademy.com\/wp-content\/uploads\/2023\/02\/kurt-academy.png\",\"contentUrl\":\"https:\/\/kurtacademy.com\/wp-content\/uploads\/2023\/02\/kurt-academy.png\",\"width\":350,\"height\":350,\"caption\":\"KURT Academy\"},\"image\":{\"@id\":\"https:\/\/kurtacademy.com\/#\/schema\/logo\/image\/\"},\"sameAs\":[\"https:\/\/www.facebook.com\/kurtacademy\",\"https:\/\/www.instagram.com\/kurtacademy_gmbh\/\",\"https:\/\/www.linkedin.com\/company\/kurt-academy\"]}]}<\/script>\n<!-- \/ Yoast SEO plugin. -->","yoast_head_json":{"title":"S\u0131k\u00e7a Sorulan Sorular - Kurt Academy","robots":{"index":"index","follow":"follow","max-snippet":"max-snippet:-1","max-image-preview":"max-image-preview:large","max-video-preview":"max-video-preview:-1"},"canonical":"https:\/\/kurtacademy.com\/index.php\/sss\/","og_locale":"en_US","og_type":"article","og_title":"S\u0131k\u00e7a Sorulan Sorular - Kurt Academy","og_description":"[vc_row type=&#8221;full_width_background&#8221; full_screen_row_position=&#8221;middle&#8221; column_margin=&#8221;default&#8221; column_direction=&#8221;default&#8221; column_direction_tablet=&#8221;default&#8221; column_direction_phone=&#8221;default&#8221; scene_position=&#8221;center&#8221; top_padding=&#8221;8%&#8221; left_padding_desktop=&#8221;10%&#8221; constrain_group_2=&#8221;yes&#8221; right_padding_desktop=&#8221;10%&#8221; top_padding_tablet=&#8221;16%&#8221; text_color=&#8221;dark&#8221; text_align=&#8221;left&#8221; row_border_radius=&#8221;none&#8221; row_border_radius_applies=&#8221;bg&#8221; overflow=&#8221;visible&#8221; overlay_strength=&#8221;0.3&#8243; gradient_direction=&#8221;left_to_right&#8221; shape_divider_position=&#8221;bottom&#8221; bg_image_animation=&#8221;none&#8221; gradient_type=&#8221;default&#8221; shape_type=&#8221;&#8221;][vc_column column_padding=&#8221;no-extra-padding&#8221; column_padding_tablet=&#8221;inherit&#8221; column_padding_phone=&#8221;inherit&#8221; column_padding_position=&#8221;all&#8221; column_element_direction_desktop=&#8221;default&#8221; column_element_spacing=&#8221;default&#8221;...","og_url":"https:\/\/kurtacademy.com\/index.php\/sss\/","og_site_name":"Kurt Academy","article_publisher":"https:\/\/www.facebook.com\/kurtacademy","article_modified_time":"2023-02-23T18:47:00+00:00","twitter_card":"summary_large_image","twitter_misc":{"Est. reading time":"3 minutes"},"schema":{"@context":"https:\/\/schema.org","@graph":[{"@type":"WebPage","@id":"https:\/\/kurtacademy.com\/index.php\/sss\/","url":"https:\/\/kurtacademy.com\/index.php\/sss\/","name":"S\u0131k\u00e7a Sorulan Sorular - Kurt Academy","isPartOf":{"@id":"https:\/\/kurtacademy.com\/#website"},"datePublished":"2023-02-14T02:07:00+00:00","dateModified":"2023-02-23T18:47:00+00:00","breadcrumb":{"@id":"https:\/\/kurtacademy.com\/index.php\/sss\/#breadcrumb"},"inLanguage":"en-US","potentialAction":[{"@type":"ReadAction","target":["https:\/\/kurtacademy.com\/index.php\/sss\/"]}]},{"@type":"BreadcrumbList","@id":"https:\/\/kurtacademy.com\/index.php\/sss\/#breadcrumb","itemListElement":[{"@type":"ListItem","position":1,"name":"Home","item":"https:\/\/kurtacademy.com\/"},{"@type":"ListItem","position":2,"name":"S\u0131k\u00e7a Sorulan Sorular"}]},{"@type":"WebSite","@id":"https:\/\/kurtacademy.com\/#website","url":"https:\/\/kurtacademy.com\/","name":"KURT Academy","description":"","publisher":{"@id":"https:\/\/kurtacademy.com\/#organization"},"potentialAction":[{"@type":"SearchAction","target":{"@type":"EntryPoint","urlTemplate":"https:\/\/kurtacademy.com\/?s={search_term_string}"},"query-input":{"@type":"PropertyValueSpecification","valueRequired":true,"valueName":"search_term_string"}}],"inLanguage":"en-US"},{"@type":"Organization","@id":"https:\/\/kurtacademy.com\/#organization","name":"KURT Academy","url":"https:\/\/kurtacademy.com\/","logo":{"@type":"ImageObject","inLanguage":"en-US","@id":"https:\/\/kurtacademy.com\/#\/schema\/logo\/image\/","url":"https:\/\/kurtacademy.com\/wp-content\/uploads\/2023\/02\/kurt-academy.png","contentUrl":"https:\/\/kurtacademy.com\/wp-content\/uploads\/2023\/02\/kurt-academy.png","width":350,"height":350,"caption":"KURT Academy"},"image":{"@id":"https:\/\/kurtacademy.com\/#\/schema\/logo\/image\/"},"sameAs":["https:\/\/www.facebook.com\/kurtacademy","https:\/\/www.instagram.com\/kurtacademy_gmbh\/","https:\/\/www.linkedin.com\/company\/kurt-academy"]}]}},"_links":{"self":[{"href":"https:\/\/kurtacademy.com\/index.php\/wp-json\/wp\/v2\/pages\/500","targetHints":{"allow":["GET"]}}],"collection":[{"href":"https:\/\/kurtacademy.com\/index.php\/wp-json\/wp\/v2\/pages"}],"about":[{"href":"https:\/\/kurtacademy.com\/index.php\/wp-json\/wp\/v2\/types\/page"}],"author":[{"embeddable":true,"href":"https:\/\/kurtacademy.com\/index.php\/wp-json\/wp\/v2\/users\/1"}],"replies":[{"embeddable":true,"href":"https:\/\/kurtacademy.com\/index.php\/wp-json\/wp\/v2\/comments?post=500"}],"version-history":[{"count":6,"href":"https:\/\/kurtacademy.com\/index.php\/wp-json\/wp\/v2\/pages\/500\/revisions"}],"predecessor-version":[{"id":656,"href":"https:\/\/kurtacademy.com\/index.php\/wp-json\/wp\/v2\/pages\/500\/revisions\/656"}],"wp:attachment":[{"href":"https:\/\/kurtacademy.com\/index.php\/wp-json\/wp\/v2\/media?parent=500"}],"curies":[{"name":"wp","href":"https:\/\/api.w.org\/{rel}","templated":true}]}}